{"id":606,"date":"2017-10-12T11:26:00","date_gmt":"2017-10-12T11:26:00","guid":{"rendered":"http:\/\/www.anossaloja.com\/anos\/?post_type=product&#038;p=606"},"modified":"2020-09-24T14:10:10","modified_gmt":"2020-09-24T14:10:10","slug":"tonner-compativel-hp-cf283a-preto","status":"publish","type":"product","link":"https:\/\/www.anossaloja.com\/anos\/produto\/tonner-compativel-hp-cf283a-preto\/","title":{"rendered":"Tonner Compat\u00edvel HP CF283A Preto"},"content":{"rendered":"<p>Capacidade 1500 p\u00e1ginas. Compat\u00edvel com HP LaserJet Pro MFP M120, M125nw, M125rnw, M126a, M126nw, M127fn, M127fp, M127fw, M128fn, M128fp, M128fw, M125a, M200, M201dw, M201n, M202dw, M202n, M225dn, M225dw, M226dn, M226dw<\/p>\n","protected":false},"excerpt":{"rendered":"<p>Capacidade 1500 p\u00e1ginas. Compat\u00edvel com HP LaserJet Pro MFP M120, M125nw, M125rnw, M126a, M126nw, M127fn, M127fp, M127fw, M128fn, M128fp, M128fw, M125a, M200, M201dw, M201n, M202dw, M202n, M225dn, M225dw, M226dn, M226dw<\/p>\n","protected":false},"featured_media":607,"template":"","meta":{"_monsterinsights_skip_tracking":false,"_monsterinsights_sitenote_active":false,"_monsterinsights_sitenote_note":"","_monsterinsights_sitenote_category":0,"_themeisle_gutenberg_block_has_review":false},"product_brand":[],"product_cat":[135,38],"product_tag":[],"class_list":{"0":"post-606","1":"product","2":"type-product","3":"status-publish","4":"has-post-thumbnail","6":"product_cat-hp-tonners-compativeis","7":"product_cat-tonners-compativeis","9":"first","10":"instock","11":"taxable","12":"shipping-taxable","13":"purchasable","14":"product-type-simple"},"yoast_head":"<!-- This site is optimized with the Yoast SEO plugin v27.4 - https:\/\/yoast.com\/product\/yoast-seo-wordpress\/ -->\n<title>Tonner Compat\u00edvel HP CF283A Preto - A NOSSA LOJA<\/title>\n<meta name=\"robots\" content=\"index, follow, max-snippet:-1, max-image-preview:large, max-video-preview:-1\" \/>\n<link rel=\"canonical\" href=\"https:\/\/www.anossaloja.com\/anos\/produto\/tonner-compativel-hp-cf283a-preto\/\" \/>\n<meta property=\"og:locale\" content=\"pt_PT\" \/>\n<meta property=\"og:type\" content=\"article\" \/>\n<meta property=\"og:title\" content=\"Tonner Compat\u00edvel HP CF283A Preto - A NOSSA LOJA\" \/>\n<meta property=\"og:description\" content=\"Capacidade 1500 p\u00e1ginas. Compat\u00edvel com HP LaserJet Pro MFP M120, M125nw, M125rnw, M126a, M126nw, M127fn, M127fp, M127fw, M128fn, M128fp, M128fw, M125a, M200, M201dw, M201n, M202dw, M202n, M225dn, M225dw, M226dn, M226dw\" \/>\n<meta property=\"og:url\" content=\"https:\/\/www.anossaloja.com\/anos\/produto\/tonner-compativel-hp-cf283a-preto\/\" \/>\n<meta property=\"og:site_name\" content=\"A NOSSA LOJA\" \/>\n<meta property=\"article:modified_time\" content=\"2020-09-24T14:10:10+00:00\" \/>\n<meta property=\"og:image\" content=\"https:\/\/www.anossaloja.com\/anos\/wp-content\/uploads\/2017\/10\/283A.jpg\" \/>\n\t<meta property=\"og:image:width\" content=\"650\" \/>\n\t<meta property=\"og:image:height\" content=\"650\" \/>\n\t<meta property=\"og:image:type\" content=\"image\/jpeg\" \/>\n<meta name=\"twitter:card\" content=\"summary_large_image\" \/>\n<script type=\"application\/ld+json\" class=\"yoast-schema-graph\">{\"@context\":\"https:\\\/\\\/schema.org\",\"@graph\":[{\"@type\":\"WebPage\",\"@id\":\"https:\\\/\\\/www.anossaloja.com\\\/anos\\\/produto\\\/tonner-compativel-hp-cf283a-preto\\\/\",\"url\":\"https:\\\/\\\/www.anossaloja.com\\\/anos\\\/produto\\\/tonner-compativel-hp-cf283a-preto\\\/\",\"name\":\"Tonner Compat\u00edvel HP CF283A Preto - A NOSSA LOJA\",\"isPartOf\":{\"@id\":\"https:\\\/\\\/www.anossaloja.com\\\/anos\\\/#website\"},\"primaryImageOfPage\":{\"@id\":\"https:\\\/\\\/www.anossaloja.com\\\/anos\\\/produto\\\/tonner-compativel-hp-cf283a-preto\\\/#primaryimage\"},\"image\":{\"@id\":\"https:\\\/\\\/www.anossaloja.com\\\/anos\\\/produto\\\/tonner-compativel-hp-cf283a-preto\\\/#primaryimage\"},\"thumbnailUrl\":\"https:\\\/\\\/www.anossaloja.com\\\/anos\\\/wp-content\\\/uploads\\\/2017\\\/10\\\/283A.jpg\",\"datePublished\":\"2017-10-12T11:26:00+00:00\",\"dateModified\":\"2020-09-24T14:10:10+00:00\",\"breadcrumb\":{\"@id\":\"https:\\\/\\\/www.anossaloja.com\\\/anos\\\/produto\\\/tonner-compativel-hp-cf283a-preto\\\/#breadcrumb\"},\"inLanguage\":\"pt-PT\",\"potentialAction\":[{\"@type\":\"ReadAction\",\"target\":[\"https:\\\/\\\/www.anossaloja.com\\\/anos\\\/produto\\\/tonner-compativel-hp-cf283a-preto\\\/\"]}]},{\"@type\":\"ImageObject\",\"inLanguage\":\"pt-PT\",\"@id\":\"https:\\\/\\\/www.anossaloja.com\\\/anos\\\/produto\\\/tonner-compativel-hp-cf283a-preto\\\/#primaryimage\",\"url\":\"https:\\\/\\\/www.anossaloja.com\\\/anos\\\/wp-content\\\/uploads\\\/2017\\\/10\\\/283A.jpg\",\"contentUrl\":\"https:\\\/\\\/www.anossaloja.com\\\/anos\\\/wp-content\\\/uploads\\\/2017\\\/10\\\/283A.jpg\",\"width\":650,\"height\":650},{\"@type\":\"BreadcrumbList\",\"@id\":\"https:\\\/\\\/www.anossaloja.com\\\/anos\\\/produto\\\/tonner-compativel-hp-cf283a-preto\\\/#breadcrumb\",\"itemListElement\":[{\"@type\":\"ListItem\",\"position\":1,\"name\":\"In\u00edcio\",\"item\":\"https:\\\/\\\/www.anossaloja.com\\\/anos\\\/\"},{\"@type\":\"ListItem\",\"position\":2,\"name\":\"In\u00edcio\",\"item\":\"https:\\\/\\\/www.anossaloja.com\\\/anos\\\/loja\\\/\"},{\"@type\":\"ListItem\",\"position\":3,\"name\":\"Tonner Compat\u00edvel HP CF283A Preto\"}]},{\"@type\":\"WebSite\",\"@id\":\"https:\\\/\\\/www.anossaloja.com\\\/anos\\\/#website\",\"url\":\"https:\\\/\\\/www.anossaloja.com\\\/anos\\\/\",\"name\":\"A NOSSA LOJA\",\"description\":\"consum\u00edveis inform\u00e1tica\",\"potentialAction\":[{\"@type\":\"SearchAction\",\"target\":{\"@type\":\"EntryPoint\",\"urlTemplate\":\"https:\\\/\\\/www.anossaloja.com\\\/anos\\\/?s={search_term_string}\"},\"query-input\":{\"@type\":\"PropertyValueSpecification\",\"valueRequired\":true,\"valueName\":\"search_term_string\"}}],\"inLanguage\":\"pt-PT\"}]}<\/script>\n<!-- \/ Yoast SEO plugin. -->","yoast_head_json":{"title":"Tonner Compat\u00edvel HP CF283A Preto - A NOSSA LOJA","robots":{"index":"index","follow":"follow","max-snippet":"max-snippet:-1","max-image-preview":"max-image-preview:large","max-video-preview":"max-video-preview:-1"},"canonical":"https:\/\/www.anossaloja.com\/anos\/produto\/tonner-compativel-hp-cf283a-preto\/","og_locale":"pt_PT","og_type":"article","og_title":"Tonner Compat\u00edvel HP CF283A Preto - A NOSSA LOJA","og_description":"Capacidade 1500 p\u00e1ginas. Compat\u00edvel com HP LaserJet Pro MFP M120, M125nw, M125rnw, M126a, M126nw, M127fn, M127fp, M127fw, M128fn, M128fp, M128fw, M125a, M200, M201dw, M201n, M202dw, M202n, M225dn, M225dw, M226dn, M226dw","og_url":"https:\/\/www.anossaloja.com\/anos\/produto\/tonner-compativel-hp-cf283a-preto\/","og_site_name":"A NOSSA LOJA","article_modified_time":"2020-09-24T14:10:10+00:00","og_image":[{"width":650,"height":650,"url":"https:\/\/www.anossaloja.com\/anos\/wp-content\/uploads\/2017\/10\/283A.jpg","type":"image\/jpeg"}],"twitter_card":"summary_large_image","schema":{"@context":"https:\/\/schema.org","@graph":[{"@type":"WebPage","@id":"https:\/\/www.anossaloja.com\/anos\/produto\/tonner-compativel-hp-cf283a-preto\/","url":"https:\/\/www.anossaloja.com\/anos\/produto\/tonner-compativel-hp-cf283a-preto\/","name":"Tonner Compat\u00edvel HP CF283A Preto - A NOSSA LOJA","isPartOf":{"@id":"https:\/\/www.anossaloja.com\/anos\/#website"},"primaryImageOfPage":{"@id":"https:\/\/www.anossaloja.com\/anos\/produto\/tonner-compativel-hp-cf283a-preto\/#primaryimage"},"image":{"@id":"https:\/\/www.anossaloja.com\/anos\/produto\/tonner-compativel-hp-cf283a-preto\/#primaryimage"},"thumbnailUrl":"https:\/\/www.anossaloja.com\/anos\/wp-content\/uploads\/2017\/10\/283A.jpg","datePublished":"2017-10-12T11:26:00+00:00","dateModified":"2020-09-24T14:10:10+00:00","breadcrumb":{"@id":"https:\/\/www.anossaloja.com\/anos\/produto\/tonner-compativel-hp-cf283a-preto\/#breadcrumb"},"inLanguage":"pt-PT","potentialAction":[{"@type":"ReadAction","target":["https:\/\/www.anossaloja.com\/anos\/produto\/tonner-compativel-hp-cf283a-preto\/"]}]},{"@type":"ImageObject","inLanguage":"pt-PT","@id":"https:\/\/www.anossaloja.com\/anos\/produto\/tonner-compativel-hp-cf283a-preto\/#primaryimage","url":"https:\/\/www.anossaloja.com\/anos\/wp-content\/uploads\/2017\/10\/283A.jpg","contentUrl":"https:\/\/www.anossaloja.com\/anos\/wp-content\/uploads\/2017\/10\/283A.jpg","width":650,"height":650},{"@type":"BreadcrumbList","@id":"https:\/\/www.anossaloja.com\/anos\/produto\/tonner-compativel-hp-cf283a-preto\/#breadcrumb","itemListElement":[{"@type":"ListItem","position":1,"name":"In\u00edcio","item":"https:\/\/www.anossaloja.com\/anos\/"},{"@type":"ListItem","position":2,"name":"In\u00edcio","item":"https:\/\/www.anossaloja.com\/anos\/loja\/"},{"@type":"ListItem","position":3,"name":"Tonner Compat\u00edvel HP CF283A Preto"}]},{"@type":"WebSite","@id":"https:\/\/www.anossaloja.com\/anos\/#website","url":"https:\/\/www.anossaloja.com\/anos\/","name":"A NOSSA LOJA","description":"consum\u00edveis inform\u00e1tica","potentialAction":[{"@type":"SearchAction","target":{"@type":"EntryPoint","urlTemplate":"https:\/\/www.anossaloja.com\/anos\/?s={search_term_string}"},"query-input":{"@type":"PropertyValueSpecification","valueRequired":true,"valueName":"search_term_string"}}],"inLanguage":"pt-PT"}]}},"_links":{"self":[{"href":"https:\/\/www.anossaloja.com\/anos\/wp-json\/wp\/v2\/product\/606","targetHints":{"allow":["GET"]}}],"collection":[{"href":"https:\/\/www.anossaloja.com\/anos\/wp-json\/wp\/v2\/product"}],"about":[{"href":"https:\/\/www.anossaloja.com\/anos\/wp-json\/wp\/v2\/types\/product"}],"version-history":[{"count":1,"href":"https:\/\/www.anossaloja.com\/anos\/wp-json\/wp\/v2\/product\/606\/revisions"}],"predecessor-version":[{"id":16359,"href":"https:\/\/www.anossaloja.com\/anos\/wp-json\/wp\/v2\/product\/606\/revisions\/16359"}],"wp:featuredmedia":[{"embeddable":true,"href":"https:\/\/www.anossaloja.com\/anos\/wp-json\/wp\/v2\/media\/607"}],"wp:attachment":[{"href":"https:\/\/www.anossaloja.com\/anos\/wp-json\/wp\/v2\/media?parent=606"}],"wp:term":[{"taxonomy":"product_brand","embeddable":true,"href":"https:\/\/www.anossaloja.com\/anos\/wp-json\/wp\/v2\/product_brand?post=606"},{"taxonomy":"product_cat","embeddable":true,"href":"https:\/\/www.anossaloja.com\/anos\/wp-json\/wp\/v2\/product_cat?post=606"},{"taxonomy":"product_tag","embeddable":true,"href":"https:\/\/www.anossaloja.com\/anos\/wp-json\/wp\/v2\/product_tag?post=606"}],"curies":[{"name":"wp","href":"https:\/\/api.w.org\/{rel}","templated":true}]}}