{"id":675,"date":"2017-11-08T15:22:21","date_gmt":"2017-11-08T15:22:21","guid":{"rendered":"http:\/\/www.anossaloja.com\/anos\/?post_type=product&#038;p=675"},"modified":"2020-09-24T11:02:59","modified_gmt":"2020-09-24T11:02:59","slug":"tonner-compativel-hp-05x","status":"publish","type":"product","link":"https:\/\/www.anossaloja.com\/anos\/produto\/tonner-compativel-hp-05x\/","title":{"rendered":"Tonner Compat\u00edvel HP 05X"},"content":{"rendered":"<p>Capacidade: 6500 p\u00e1ginas. Compat\u00edvel com HP LaserJet P2050, P2053D, P2053DN, P2053X, P2054D, P2054DN, P2054X, P2055, P2055D, P2055DN, P2055DTN, P2055X, P2056D, P2056DN, P2056X, P2057D, P2057DN, P2057X, P2053, P2054, P2055, P2056, P2057 Series<\/p>\n","protected":false},"excerpt":{"rendered":"<p>Capacidade: 6500 p\u00e1ginas. Compat\u00edvel com HP LaserJet P2050, P2053D, P2053DN, P2053X, P2054D, P2054DN, P2054X, P2055, P2055D, P2055DN, P2055DTN, P2055X, P2056D, P2056DN, P2056X, P2057D, P2057DN, P2057X, P2053, P2054, P2055, P2056, P2057 Series<\/p>\n","protected":false},"featured_media":676,"template":"","meta":{"_monsterinsights_skip_tracking":false,"_monsterinsights_sitenote_active":false,"_monsterinsights_sitenote_note":"","_monsterinsights_sitenote_category":0,"_themeisle_gutenberg_block_has_review":false},"product_brand":[],"product_cat":[135,38],"product_tag":[],"class_list":{"0":"post-675","1":"product","2":"type-product","3":"status-publish","4":"has-post-thumbnail","6":"product_cat-hp-tonners-compativeis","7":"product_cat-tonners-compativeis","9":"first","10":"instock","11":"taxable","12":"shipping-taxable","13":"purchasable","14":"product-type-simple"},"yoast_head":"<!-- This site is optimized with the Yoast SEO plugin v27.4 - https:\/\/yoast.com\/product\/yoast-seo-wordpress\/ -->\n<title>Tonner Compat\u00edvel HP 05X - A NOSSA LOJA<\/title>\n<meta name=\"robots\" content=\"index, follow, max-snippet:-1, max-image-preview:large, max-video-preview:-1\" \/>\n<link rel=\"canonical\" href=\"https:\/\/www.anossaloja.com\/anos\/produto\/tonner-compativel-hp-05x\/\" \/>\n<meta property=\"og:locale\" content=\"pt_PT\" \/>\n<meta property=\"og:type\" content=\"article\" \/>\n<meta property=\"og:title\" content=\"Tonner Compat\u00edvel HP 05X - A NOSSA LOJA\" \/>\n<meta property=\"og:description\" content=\"Capacidade: 6500 p\u00e1ginas. Compat\u00edvel com HP LaserJet P2050, P2053D, P2053DN, P2053X, P2054D, P2054DN, P2054X, P2055, P2055D, P2055DN, P2055DTN, P2055X, P2056D, P2056DN, P2056X, P2057D, P2057DN, P2057X, P2053, P2054, P2055, P2056, P2057 Series\" \/>\n<meta property=\"og:url\" content=\"https:\/\/www.anossaloja.com\/anos\/produto\/tonner-compativel-hp-05x\/\" \/>\n<meta property=\"og:site_name\" content=\"A NOSSA LOJA\" \/>\n<meta property=\"article:modified_time\" content=\"2020-09-24T11:02:59+00:00\" \/>\n<meta property=\"og:image\" content=\"https:\/\/www.anossaloja.com\/anos\/wp-content\/uploads\/2017\/11\/05X.jpg\" \/>\n\t<meta property=\"og:image:width\" content=\"650\" \/>\n\t<meta property=\"og:image:height\" content=\"650\" \/>\n\t<meta property=\"og:image:type\" content=\"image\/jpeg\" \/>\n<meta name=\"twitter:card\" content=\"summary_large_image\" \/>\n<script type=\"application\/ld+json\" class=\"yoast-schema-graph\">{\"@context\":\"https:\\\/\\\/schema.org\",\"@graph\":[{\"@type\":\"WebPage\",\"@id\":\"https:\\\/\\\/www.anossaloja.com\\\/anos\\\/produto\\\/tonner-compativel-hp-05x\\\/\",\"url\":\"https:\\\/\\\/www.anossaloja.com\\\/anos\\\/produto\\\/tonner-compativel-hp-05x\\\/\",\"name\":\"Tonner Compat\u00edvel HP 05X - A NOSSA LOJA\",\"isPartOf\":{\"@id\":\"https:\\\/\\\/www.anossaloja.com\\\/anos\\\/#website\"},\"primaryImageOfPage\":{\"@id\":\"https:\\\/\\\/www.anossaloja.com\\\/anos\\\/produto\\\/tonner-compativel-hp-05x\\\/#primaryimage\"},\"image\":{\"@id\":\"https:\\\/\\\/www.anossaloja.com\\\/anos\\\/produto\\\/tonner-compativel-hp-05x\\\/#primaryimage\"},\"thumbnailUrl\":\"https:\\\/\\\/www.anossaloja.com\\\/anos\\\/wp-content\\\/uploads\\\/2017\\\/11\\\/05X.jpg\",\"datePublished\":\"2017-11-08T15:22:21+00:00\",\"dateModified\":\"2020-09-24T11:02:59+00:00\",\"breadcrumb\":{\"@id\":\"https:\\\/\\\/www.anossaloja.com\\\/anos\\\/produto\\\/tonner-compativel-hp-05x\\\/#breadcrumb\"},\"inLanguage\":\"pt-PT\",\"potentialAction\":[{\"@type\":\"ReadAction\",\"target\":[\"https:\\\/\\\/www.anossaloja.com\\\/anos\\\/produto\\\/tonner-compativel-hp-05x\\\/\"]}]},{\"@type\":\"ImageObject\",\"inLanguage\":\"pt-PT\",\"@id\":\"https:\\\/\\\/www.anossaloja.com\\\/anos\\\/produto\\\/tonner-compativel-hp-05x\\\/#primaryimage\",\"url\":\"https:\\\/\\\/www.anossaloja.com\\\/anos\\\/wp-content\\\/uploads\\\/2017\\\/11\\\/05X.jpg\",\"contentUrl\":\"https:\\\/\\\/www.anossaloja.com\\\/anos\\\/wp-content\\\/uploads\\\/2017\\\/11\\\/05X.jpg\",\"width\":650,\"height\":650},{\"@type\":\"BreadcrumbList\",\"@id\":\"https:\\\/\\\/www.anossaloja.com\\\/anos\\\/produto\\\/tonner-compativel-hp-05x\\\/#breadcrumb\",\"itemListElement\":[{\"@type\":\"ListItem\",\"position\":1,\"name\":\"In\u00edcio\",\"item\":\"https:\\\/\\\/www.anossaloja.com\\\/anos\\\/\"},{\"@type\":\"ListItem\",\"position\":2,\"name\":\"In\u00edcio\",\"item\":\"https:\\\/\\\/www.anossaloja.com\\\/anos\\\/loja\\\/\"},{\"@type\":\"ListItem\",\"position\":3,\"name\":\"Tonner Compat\u00edvel HP 05X\"}]},{\"@type\":\"WebSite\",\"@id\":\"https:\\\/\\\/www.anossaloja.com\\\/anos\\\/#website\",\"url\":\"https:\\\/\\\/www.anossaloja.com\\\/anos\\\/\",\"name\":\"A NOSSA LOJA\",\"description\":\"consum\u00edveis inform\u00e1tica\",\"potentialAction\":[{\"@type\":\"SearchAction\",\"target\":{\"@type\":\"EntryPoint\",\"urlTemplate\":\"https:\\\/\\\/www.anossaloja.com\\\/anos\\\/?s={search_term_string}\"},\"query-input\":{\"@type\":\"PropertyValueSpecification\",\"valueRequired\":true,\"valueName\":\"search_term_string\"}}],\"inLanguage\":\"pt-PT\"}]}<\/script>\n<!-- \/ Yoast SEO plugin. -->","yoast_head_json":{"title":"Tonner Compat\u00edvel HP 05X - A NOSSA LOJA","robots":{"index":"index","follow":"follow","max-snippet":"max-snippet:-1","max-image-preview":"max-image-preview:large","max-video-preview":"max-video-preview:-1"},"canonical":"https:\/\/www.anossaloja.com\/anos\/produto\/tonner-compativel-hp-05x\/","og_locale":"pt_PT","og_type":"article","og_title":"Tonner Compat\u00edvel HP 05X - A NOSSA LOJA","og_description":"Capacidade: 6500 p\u00e1ginas. Compat\u00edvel com HP LaserJet P2050, P2053D, P2053DN, P2053X, P2054D, P2054DN, P2054X, P2055, P2055D, P2055DN, P2055DTN, P2055X, P2056D, P2056DN, P2056X, P2057D, P2057DN, P2057X, P2053, P2054, P2055, P2056, P2057 Series","og_url":"https:\/\/www.anossaloja.com\/anos\/produto\/tonner-compativel-hp-05x\/","og_site_name":"A NOSSA LOJA","article_modified_time":"2020-09-24T11:02:59+00:00","og_image":[{"width":650,"height":650,"url":"https:\/\/www.anossaloja.com\/anos\/wp-content\/uploads\/2017\/11\/05X.jpg","type":"image\/jpeg"}],"twitter_card":"summary_large_image","schema":{"@context":"https:\/\/schema.org","@graph":[{"@type":"WebPage","@id":"https:\/\/www.anossaloja.com\/anos\/produto\/tonner-compativel-hp-05x\/","url":"https:\/\/www.anossaloja.com\/anos\/produto\/tonner-compativel-hp-05x\/","name":"Tonner Compat\u00edvel HP 05X - A NOSSA LOJA","isPartOf":{"@id":"https:\/\/www.anossaloja.com\/anos\/#website"},"primaryImageOfPage":{"@id":"https:\/\/www.anossaloja.com\/anos\/produto\/tonner-compativel-hp-05x\/#primaryimage"},"image":{"@id":"https:\/\/www.anossaloja.com\/anos\/produto\/tonner-compativel-hp-05x\/#primaryimage"},"thumbnailUrl":"https:\/\/www.anossaloja.com\/anos\/wp-content\/uploads\/2017\/11\/05X.jpg","datePublished":"2017-11-08T15:22:21+00:00","dateModified":"2020-09-24T11:02:59+00:00","breadcrumb":{"@id":"https:\/\/www.anossaloja.com\/anos\/produto\/tonner-compativel-hp-05x\/#breadcrumb"},"inLanguage":"pt-PT","potentialAction":[{"@type":"ReadAction","target":["https:\/\/www.anossaloja.com\/anos\/produto\/tonner-compativel-hp-05x\/"]}]},{"@type":"ImageObject","inLanguage":"pt-PT","@id":"https:\/\/www.anossaloja.com\/anos\/produto\/tonner-compativel-hp-05x\/#primaryimage","url":"https:\/\/www.anossaloja.com\/anos\/wp-content\/uploads\/2017\/11\/05X.jpg","contentUrl":"https:\/\/www.anossaloja.com\/anos\/wp-content\/uploads\/2017\/11\/05X.jpg","width":650,"height":650},{"@type":"BreadcrumbList","@id":"https:\/\/www.anossaloja.com\/anos\/produto\/tonner-compativel-hp-05x\/#breadcrumb","itemListElement":[{"@type":"ListItem","position":1,"name":"In\u00edcio","item":"https:\/\/www.anossaloja.com\/anos\/"},{"@type":"ListItem","position":2,"name":"In\u00edcio","item":"https:\/\/www.anossaloja.com\/anos\/loja\/"},{"@type":"ListItem","position":3,"name":"Tonner Compat\u00edvel HP 05X"}]},{"@type":"WebSite","@id":"https:\/\/www.anossaloja.com\/anos\/#website","url":"https:\/\/www.anossaloja.com\/anos\/","name":"A NOSSA LOJA","description":"consum\u00edveis inform\u00e1tica","potentialAction":[{"@type":"SearchAction","target":{"@type":"EntryPoint","urlTemplate":"https:\/\/www.anossaloja.com\/anos\/?s={search_term_string}"},"query-input":{"@type":"PropertyValueSpecification","valueRequired":true,"valueName":"search_term_string"}}],"inLanguage":"pt-PT"}]}},"_links":{"self":[{"href":"https:\/\/www.anossaloja.com\/anos\/wp-json\/wp\/v2\/product\/675","targetHints":{"allow":["GET"]}}],"collection":[{"href":"https:\/\/www.anossaloja.com\/anos\/wp-json\/wp\/v2\/product"}],"about":[{"href":"https:\/\/www.anossaloja.com\/anos\/wp-json\/wp\/v2\/types\/product"}],"version-history":[{"count":1,"href":"https:\/\/www.anossaloja.com\/anos\/wp-json\/wp\/v2\/product\/675\/revisions"}],"predecessor-version":[{"id":16356,"href":"https:\/\/www.anossaloja.com\/anos\/wp-json\/wp\/v2\/product\/675\/revisions\/16356"}],"wp:featuredmedia":[{"embeddable":true,"href":"https:\/\/www.anossaloja.com\/anos\/wp-json\/wp\/v2\/media\/676"}],"wp:attachment":[{"href":"https:\/\/www.anossaloja.com\/anos\/wp-json\/wp\/v2\/media?parent=675"}],"wp:term":[{"taxonomy":"product_brand","embeddable":true,"href":"https:\/\/www.anossaloja.com\/anos\/wp-json\/wp\/v2\/product_brand?post=675"},{"taxonomy":"product_cat","embeddable":true,"href":"https:\/\/www.anossaloja.com\/anos\/wp-json\/wp\/v2\/product_cat?post=675"},{"taxonomy":"product_tag","embeddable":true,"href":"https:\/\/www.anossaloja.com\/anos\/wp-json\/wp\/v2\/product_tag?post=675"}],"curies":[{"name":"wp","href":"https:\/\/api.w.org\/{rel}","templated":true}]}}