{"id":685,"date":"2017-11-08T15:48:39","date_gmt":"2017-11-08T15:48:39","guid":{"rendered":"http:\/\/www.anossaloja.com\/anos\/?post_type=product&#038;p=685"},"modified":"2020-09-24T11:00:51","modified_gmt":"2020-09-24T11:00:51","slug":"tonner-compativel-hp-35a","status":"publish","type":"product","link":"https:\/\/www.anossaloja.com\/anos\/produto\/tonner-compativel-hp-35a\/","title":{"rendered":"Tonner Compat\u00edvel HP 35A"},"content":{"rendered":"<p>Capacidade: 1500 p\u00e1ginas. Compat\u00edvel com: HP LaserJet P1005, P1006, P1007, P1008, P1009<\/p>\n","protected":false},"excerpt":{"rendered":"<p>Capacidade: 1500 p\u00e1ginas. Compat\u00edvel com: HP LaserJet P1005, P1006, P1007, P1008, P1009<\/p>\n","protected":false},"featured_media":686,"template":"","meta":{"_monsterinsights_skip_tracking":false,"_monsterinsights_sitenote_active":false,"_monsterinsights_sitenote_note":"","_monsterinsights_sitenote_category":0,"_themeisle_gutenberg_block_has_review":false},"product_brand":[],"product_cat":[135,38],"product_tag":[],"class_list":{"0":"post-685","1":"product","2":"type-product","3":"status-publish","4":"has-post-thumbnail","6":"product_cat-hp-tonners-compativeis","7":"product_cat-tonners-compativeis","9":"first","10":"instock","11":"taxable","12":"shipping-taxable","13":"purchasable","14":"product-type-simple"},"yoast_head":"<!-- This site is optimized with the Yoast SEO plugin v27.4 - https:\/\/yoast.com\/product\/yoast-seo-wordpress\/ -->\n<title>Tonner Compat\u00edvel HP 35A - A NOSSA LOJA<\/title>\n<meta name=\"robots\" content=\"index, follow, max-snippet:-1, max-image-preview:large, max-video-preview:-1\" \/>\n<link rel=\"canonical\" href=\"https:\/\/www.anossaloja.com\/anos\/produto\/tonner-compativel-hp-35a\/\" \/>\n<meta property=\"og:locale\" content=\"pt_PT\" \/>\n<meta property=\"og:type\" content=\"article\" \/>\n<meta property=\"og:title\" content=\"Tonner Compat\u00edvel HP 35A - A NOSSA LOJA\" \/>\n<meta property=\"og:description\" content=\"Capacidade: 1500 p\u00e1ginas. Compat\u00edvel com: HP LaserJet P1005, P1006, P1007, P1008, P1009\" \/>\n<meta property=\"og:url\" content=\"https:\/\/www.anossaloja.com\/anos\/produto\/tonner-compativel-hp-35a\/\" \/>\n<meta property=\"og:site_name\" content=\"A NOSSA LOJA\" \/>\n<meta property=\"article:modified_time\" content=\"2020-09-24T11:00:51+00:00\" \/>\n<meta property=\"og:image\" content=\"https:\/\/www.anossaloja.com\/anos\/wp-content\/uploads\/2017\/11\/35A.png\" \/>\n\t<meta property=\"og:image:width\" content=\"650\" \/>\n\t<meta property=\"og:image:height\" content=\"650\" \/>\n\t<meta property=\"og:image:type\" content=\"image\/png\" \/>\n<meta name=\"twitter:card\" content=\"summary_large_image\" \/>\n<script type=\"application\/ld+json\" class=\"yoast-schema-graph\">{\"@context\":\"https:\\\/\\\/schema.org\",\"@graph\":[{\"@type\":\"WebPage\",\"@id\":\"https:\\\/\\\/www.anossaloja.com\\\/anos\\\/produto\\\/tonner-compativel-hp-35a\\\/\",\"url\":\"https:\\\/\\\/www.anossaloja.com\\\/anos\\\/produto\\\/tonner-compativel-hp-35a\\\/\",\"name\":\"Tonner Compat\u00edvel HP 35A - A NOSSA LOJA\",\"isPartOf\":{\"@id\":\"https:\\\/\\\/www.anossaloja.com\\\/anos\\\/#website\"},\"primaryImageOfPage\":{\"@id\":\"https:\\\/\\\/www.anossaloja.com\\\/anos\\\/produto\\\/tonner-compativel-hp-35a\\\/#primaryimage\"},\"image\":{\"@id\":\"https:\\\/\\\/www.anossaloja.com\\\/anos\\\/produto\\\/tonner-compativel-hp-35a\\\/#primaryimage\"},\"thumbnailUrl\":\"https:\\\/\\\/www.anossaloja.com\\\/anos\\\/wp-content\\\/uploads\\\/2017\\\/11\\\/35A.png\",\"datePublished\":\"2017-11-08T15:48:39+00:00\",\"dateModified\":\"2020-09-24T11:00:51+00:00\",\"breadcrumb\":{\"@id\":\"https:\\\/\\\/www.anossaloja.com\\\/anos\\\/produto\\\/tonner-compativel-hp-35a\\\/#breadcrumb\"},\"inLanguage\":\"pt-PT\",\"potentialAction\":[{\"@type\":\"ReadAction\",\"target\":[\"https:\\\/\\\/www.anossaloja.com\\\/anos\\\/produto\\\/tonner-compativel-hp-35a\\\/\"]}]},{\"@type\":\"ImageObject\",\"inLanguage\":\"pt-PT\",\"@id\":\"https:\\\/\\\/www.anossaloja.com\\\/anos\\\/produto\\\/tonner-compativel-hp-35a\\\/#primaryimage\",\"url\":\"https:\\\/\\\/www.anossaloja.com\\\/anos\\\/wp-content\\\/uploads\\\/2017\\\/11\\\/35A.png\",\"contentUrl\":\"https:\\\/\\\/www.anossaloja.com\\\/anos\\\/wp-content\\\/uploads\\\/2017\\\/11\\\/35A.png\",\"width\":650,\"height\":650},{\"@type\":\"BreadcrumbList\",\"@id\":\"https:\\\/\\\/www.anossaloja.com\\\/anos\\\/produto\\\/tonner-compativel-hp-35a\\\/#breadcrumb\",\"itemListElement\":[{\"@type\":\"ListItem\",\"position\":1,\"name\":\"In\u00edcio\",\"item\":\"https:\\\/\\\/www.anossaloja.com\\\/anos\\\/\"},{\"@type\":\"ListItem\",\"position\":2,\"name\":\"In\u00edcio\",\"item\":\"https:\\\/\\\/www.anossaloja.com\\\/anos\\\/loja\\\/\"},{\"@type\":\"ListItem\",\"position\":3,\"name\":\"Tonner Compat\u00edvel HP 35A\"}]},{\"@type\":\"WebSite\",\"@id\":\"https:\\\/\\\/www.anossaloja.com\\\/anos\\\/#website\",\"url\":\"https:\\\/\\\/www.anossaloja.com\\\/anos\\\/\",\"name\":\"A NOSSA LOJA\",\"description\":\"consum\u00edveis inform\u00e1tica\",\"potentialAction\":[{\"@type\":\"SearchAction\",\"target\":{\"@type\":\"EntryPoint\",\"urlTemplate\":\"https:\\\/\\\/www.anossaloja.com\\\/anos\\\/?s={search_term_string}\"},\"query-input\":{\"@type\":\"PropertyValueSpecification\",\"valueRequired\":true,\"valueName\":\"search_term_string\"}}],\"inLanguage\":\"pt-PT\"}]}<\/script>\n<!-- \/ Yoast SEO plugin. -->","yoast_head_json":{"title":"Tonner Compat\u00edvel HP 35A - A NOSSA LOJA","robots":{"index":"index","follow":"follow","max-snippet":"max-snippet:-1","max-image-preview":"max-image-preview:large","max-video-preview":"max-video-preview:-1"},"canonical":"https:\/\/www.anossaloja.com\/anos\/produto\/tonner-compativel-hp-35a\/","og_locale":"pt_PT","og_type":"article","og_title":"Tonner Compat\u00edvel HP 35A - A NOSSA LOJA","og_description":"Capacidade: 1500 p\u00e1ginas. Compat\u00edvel com: HP LaserJet P1005, P1006, P1007, P1008, P1009","og_url":"https:\/\/www.anossaloja.com\/anos\/produto\/tonner-compativel-hp-35a\/","og_site_name":"A NOSSA LOJA","article_modified_time":"2020-09-24T11:00:51+00:00","og_image":[{"width":650,"height":650,"url":"https:\/\/www.anossaloja.com\/anos\/wp-content\/uploads\/2017\/11\/35A.png","type":"image\/png"}],"twitter_card":"summary_large_image","schema":{"@context":"https:\/\/schema.org","@graph":[{"@type":"WebPage","@id":"https:\/\/www.anossaloja.com\/anos\/produto\/tonner-compativel-hp-35a\/","url":"https:\/\/www.anossaloja.com\/anos\/produto\/tonner-compativel-hp-35a\/","name":"Tonner Compat\u00edvel HP 35A - A NOSSA LOJA","isPartOf":{"@id":"https:\/\/www.anossaloja.com\/anos\/#website"},"primaryImageOfPage":{"@id":"https:\/\/www.anossaloja.com\/anos\/produto\/tonner-compativel-hp-35a\/#primaryimage"},"image":{"@id":"https:\/\/www.anossaloja.com\/anos\/produto\/tonner-compativel-hp-35a\/#primaryimage"},"thumbnailUrl":"https:\/\/www.anossaloja.com\/anos\/wp-content\/uploads\/2017\/11\/35A.png","datePublished":"2017-11-08T15:48:39+00:00","dateModified":"2020-09-24T11:00:51+00:00","breadcrumb":{"@id":"https:\/\/www.anossaloja.com\/anos\/produto\/tonner-compativel-hp-35a\/#breadcrumb"},"inLanguage":"pt-PT","potentialAction":[{"@type":"ReadAction","target":["https:\/\/www.anossaloja.com\/anos\/produto\/tonner-compativel-hp-35a\/"]}]},{"@type":"ImageObject","inLanguage":"pt-PT","@id":"https:\/\/www.anossaloja.com\/anos\/produto\/tonner-compativel-hp-35a\/#primaryimage","url":"https:\/\/www.anossaloja.com\/anos\/wp-content\/uploads\/2017\/11\/35A.png","contentUrl":"https:\/\/www.anossaloja.com\/anos\/wp-content\/uploads\/2017\/11\/35A.png","width":650,"height":650},{"@type":"BreadcrumbList","@id":"https:\/\/www.anossaloja.com\/anos\/produto\/tonner-compativel-hp-35a\/#breadcrumb","itemListElement":[{"@type":"ListItem","position":1,"name":"In\u00edcio","item":"https:\/\/www.anossaloja.com\/anos\/"},{"@type":"ListItem","position":2,"name":"In\u00edcio","item":"https:\/\/www.anossaloja.com\/anos\/loja\/"},{"@type":"ListItem","position":3,"name":"Tonner Compat\u00edvel HP 35A"}]},{"@type":"WebSite","@id":"https:\/\/www.anossaloja.com\/anos\/#website","url":"https:\/\/www.anossaloja.com\/anos\/","name":"A NOSSA LOJA","description":"consum\u00edveis inform\u00e1tica","potentialAction":[{"@type":"SearchAction","target":{"@type":"EntryPoint","urlTemplate":"https:\/\/www.anossaloja.com\/anos\/?s={search_term_string}"},"query-input":{"@type":"PropertyValueSpecification","valueRequired":true,"valueName":"search_term_string"}}],"inLanguage":"pt-PT"}]}},"_links":{"self":[{"href":"https:\/\/www.anossaloja.com\/anos\/wp-json\/wp\/v2\/product\/685","targetHints":{"allow":["GET"]}}],"collection":[{"href":"https:\/\/www.anossaloja.com\/anos\/wp-json\/wp\/v2\/product"}],"about":[{"href":"https:\/\/www.anossaloja.com\/anos\/wp-json\/wp\/v2\/types\/product"}],"version-history":[{"count":1,"href":"https:\/\/www.anossaloja.com\/anos\/wp-json\/wp\/v2\/product\/685\/revisions"}],"predecessor-version":[{"id":16352,"href":"https:\/\/www.anossaloja.com\/anos\/wp-json\/wp\/v2\/product\/685\/revisions\/16352"}],"wp:featuredmedia":[{"embeddable":true,"href":"https:\/\/www.anossaloja.com\/anos\/wp-json\/wp\/v2\/media\/686"}],"wp:attachment":[{"href":"https:\/\/www.anossaloja.com\/anos\/wp-json\/wp\/v2\/media?parent=685"}],"wp:term":[{"taxonomy":"product_brand","embeddable":true,"href":"https:\/\/www.anossaloja.com\/anos\/wp-json\/wp\/v2\/product_brand?post=685"},{"taxonomy":"product_cat","embeddable":true,"href":"https:\/\/www.anossaloja.com\/anos\/wp-json\/wp\/v2\/product_cat?post=685"},{"taxonomy":"product_tag","embeddable":true,"href":"https:\/\/www.anossaloja.com\/anos\/wp-json\/wp\/v2\/product_tag?post=685"}],"curies":[{"name":"wp","href":"https:\/\/api.w.org\/{rel}","templated":true}]}}